{"id":3464,"date":"2020-03-20T20:39:24","date_gmt":"2020-03-21T00:39:24","guid":{"rendered":"https:\/\/melissalovesdesign.com\/?page_id=3464"},"modified":"2024-02-21T06:07:45","modified_gmt":"2024-02-21T05:07:45","slug":"liste-des-themes","status":"publish","type":"page","link":"https:\/\/www.shop.melissalovesevents.com\/index.php\/liste-des-themes\/","title":{"rendered":"Liste des th\u00e8mes"},"content":{"rendered":"\t\t<div data-elementor-type=\"wp-page\" data-elementor-id=\"3464\" class=\"elementor elementor-3464\">\n\t\t\t\t\t\t<section class=\"elementor-section elementor-top-section elementor-element elementor-element-a8639e7 elementor-section-boxed elementor-section-height-default elementor-section-height-default\" data-id=\"a8639e7\" data-element_type=\"section\">\n\t\t\t\t\t\t<div class=\"elementor-container elementor-column-gap-default\">\n\t\t\t\t\t<div class=\"elementor-column elementor-col-100 elementor-top-column elementor-element elementor-element-6b9da7ec\" data-id=\"6b9da7ec\" data-element_type=\"column\">\n\t\t\t<div class=\"elementor-widget-wrap elementor-element-populated\">\n\t\t\t\t\t\t<div class=\"elementor-element elementor-element-71d79e9b elementor-widget elementor-widget-heading\" data-id=\"71d79e9b\" data-element_type=\"widget\" data-widget_type=\"heading.default\">\n\t\t\t\t<div class=\"elementor-widget-container\">\n\t\t\t<style>\/*! elementor - v3.19.0 - 07-02-2024 *\/\n.elementor-heading-title{padding:0;margin:0;line-height:1}.elementor-widget-heading .elementor-heading-title[class*=elementor-size-]>a{color:inherit;font-size:inherit;line-height:inherit}.elementor-widget-heading .elementor-heading-title.elementor-size-small{font-size:15px}.elementor-widget-heading .elementor-heading-title.elementor-size-medium{font-size:19px}.elementor-widget-heading .elementor-heading-title.elementor-size-large{font-size:29px}.elementor-widget-heading .elementor-heading-title.elementor-size-xl{font-size:39px}.elementor-widget-heading .elementor-heading-title.elementor-size-xxl{font-size:59px}<\/style><h2 class=\"elementor-heading-title elementor-size-default\">NOS TH\u00c8MES<\/h2>\t\t<\/div>\n\t\t\t\t<\/div>\n\t\t\t\t\t<\/div>\n\t\t<\/div>\n\t\t\t\t\t<\/div>\n\t\t<\/section>\n\t\t\t\t<section class=\"elementor-section elementor-top-section elementor-element elementor-element-4a053dee elementor-section-boxed elementor-section-height-default elementor-section-height-default\" data-id=\"4a053dee\" data-element_type=\"section\">\n\t\t\t\t\t\t<div class=\"elementor-container elementor-column-gap-default\">\n\t\t\t\t\t<div class=\"elementor-column elementor-col-100 elementor-top-column elementor-element elementor-element-3b0a0b0d\" data-id=\"3b0a0b0d\" data-element_type=\"column\">\n\t\t\t<div class=\"elementor-widget-wrap elementor-element-populated\">\n\t\t\t\t\t\t<div class=\"elementor-element elementor-element-646e549b elementor-widget elementor-widget-text-editor\" data-id=\"646e549b\" data-element_type=\"widget\" data-widget_type=\"text-editor.default\">\n\t\t\t\t<div class=\"elementor-widget-container\">\n\t\t\t<style>\/*! elementor - v3.19.0 - 07-02-2024 *\/\n.elementor-widget-text-editor.elementor-drop-cap-view-stacked .elementor-drop-cap{background-color:#69727d;color:#fff}.elementor-widget-text-editor.elementor-drop-cap-view-framed .elementor-drop-cap{color:#69727d;border:3px solid;background-color:transparent}.elementor-widget-text-editor:not(.elementor-drop-cap-view-default) .elementor-drop-cap{margin-top:8px}.elementor-widget-text-editor:not(.elementor-drop-cap-view-default) .elementor-drop-cap-letter{width:1em;height:1em}.elementor-widget-text-editor .elementor-drop-cap{float:left;text-align:center;line-height:1;font-size:50px}.elementor-widget-text-editor .elementor-drop-cap-letter{display:inline-block}<\/style>\t\t\t\t<p><!-- wp:separator --><\/p>\n<p class=\"has-text-align-center\">Vous trouverez une liste non exhaustive de nos th\u00e8mes pour fille et gar\u00e7on ou encore mixte.<\/p>\n<p><!-- \/wp:paragraph --><!-- wp:paragraph {\"align\":\"center\"} --><\/p>\n<p class=\"has-text-align-center\">Vous souhaitez un th\u00e8me qui n\u2019existe pas dans cette liste ?\u00a0<a href=\"https:\/\/www.shop.melissalovesevents.com\/index.php\/contactez-nous\/\">Contactez-nous !<\/a><br \/>Des frais de personnalisation sont demand\u00e9 pour un th\u00e8me sur mesure.<\/p>\n<p><!-- \/wp:columns --><\/p>\t\t\t\t\t\t<\/div>\n\t\t\t\t<\/div>\n\t\t\t\t<div class=\"elementor-element elementor-element-449e575 elementor-widget elementor-widget-spacer\" data-id=\"449e575\" data-element_type=\"widget\" data-widget_type=\"spacer.default\">\n\t\t\t\t<div class=\"elementor-widget-container\">\n\t\t\t<style>\/*! elementor - v3.19.0 - 07-02-2024 *\/\n.elementor-column .elementor-spacer-inner{height:var(--spacer-size)}.e-con{--container-widget-width:100%}.e-con-inner>.elementor-widget-spacer,.e-con>.elementor-widget-spacer{width:var(--container-widget-width,var(--spacer-size));--align-self:var(--container-widget-align-self,initial);--flex-shrink:0}.e-con-inner>.elementor-widget-spacer>.elementor-widget-container,.e-con>.elementor-widget-spacer>.elementor-widget-container{height:100%;width:100%}.e-con-inner>.elementor-widget-spacer>.elementor-widget-container>.elementor-spacer,.e-con>.elementor-widget-spacer>.elementor-widget-container>.elementor-spacer{height:100%}.e-con-inner>.elementor-widget-spacer>.elementor-widget-container>.elementor-spacer>.elementor-spacer-inner,.e-con>.elementor-widget-spacer>.elementor-widget-container>.elementor-spacer>.elementor-spacer-inner{height:var(--container-widget-height,var(--spacer-size))}.e-con-inner>.elementor-widget-spacer.elementor-widget-empty,.e-con>.elementor-widget-spacer.elementor-widget-empty{position:relative;min-height:22px;min-width:22px}.e-con-inner>.elementor-widget-spacer.elementor-widget-empty .elementor-widget-empty-icon,.e-con>.elementor-widget-spacer.elementor-widget-empty .elementor-widget-empty-icon{position:absolute;top:0;bottom:0;left:0;right:0;margin:auto;padding:0;width:22px;height:22px}<\/style>\t\t<div class=\"elementor-spacer\">\n\t\t\t<div class=\"elementor-spacer-inner\"><\/div>\n\t\t<\/div>\n\t\t\t\t<\/div>\n\t\t\t\t<\/div>\n\t\t\t\t\t<\/div>\n\t\t<\/div>\n\t\t\t\t\t<\/div>\n\t\t<\/section>\n\t\t\t\t<section class=\"elementor-section elementor-top-section elementor-element elementor-element-95cdd08 elementor-section-full_width elementor-section-height-default elementor-section-height-default\" data-id=\"95cdd08\" data-element_type=\"section\">\n\t\t\t\t\t\t<div class=\"elementor-container elementor-column-gap-default\">\n\t\t\t\t\t<div class=\"elementor-column elementor-col-50 elementor-top-column elementor-element elementor-element-46ee417\" data-id=\"46ee417\" data-element_type=\"column\">\n\t\t\t<div class=\"elementor-widget-wrap elementor-element-populated\">\n\t\t\t\t\t\t<div class=\"elementor-element elementor-element-e4d7f15 elementor-widget elementor-widget-heading\" data-id=\"e4d7f15\" data-element_type=\"widget\" data-widget_type=\"heading.default\">\n\t\t\t\t<div class=\"elementor-widget-container\">\n\t\t\t<h3 class=\"elementor-heading-title elementor-size-default\"><a href=\"https:\/\/www.shop.melissalovesevents.com\/index.php\/theme-fille\/\">Th\u00e8me fille<\/a><\/h3>\t\t<\/div>\n\t\t\t\t<\/div>\n\t\t\t\t<div class=\"elementor-element elementor-element-d4c96be elementor-widget elementor-widget-image\" data-id=\"d4c96be\" data-element_type=\"widget\" data-widget_type=\"image.default\">\n\t\t\t\t<div class=\"elementor-widget-container\">\n\t\t\t<style>\/*! elementor - v3.19.0 - 07-02-2024 *\/\n.elementor-widget-image{text-align:center}.elementor-widget-image a{display:inline-block}.elementor-widget-image a img[src$=\".svg\"]{width:48px}.elementor-widget-image img{vertical-align:middle;display:inline-block}<\/style>\t\t\t\t\t\t\t\t\t\t\t<a href=\"https:\/\/www.shop.melissalovesevents.com\/index.php\/theme-fille\/\">\n\t\t\t\t\t\t\t<img fetchpriority=\"high\" decoding=\"async\" width=\"749\" height=\"749\" src=\"https:\/\/www.shop.melissalovesevents.com\/wp-content\/uploads\/2024\/02\/IMG_2669-e1707708665395.jpg\" class=\"attachment-large size-large wp-image-7510\" alt=\"\" srcset=\"https:\/\/www.shop.melissalovesevents.com\/wp-content\/uploads\/2024\/02\/IMG_2669-e1707708665395.jpg 749w, https:\/\/www.shop.melissalovesevents.com\/wp-content\/uploads\/2024\/02\/IMG_2669-e1707708665395-300x300.jpg 300w, https:\/\/www.shop.melissalovesevents.com\/wp-content\/uploads\/2024\/02\/IMG_2669-e1707708665395-150x150.jpg 150w, https:\/\/www.shop.melissalovesevents.com\/wp-content\/uploads\/2024\/02\/IMG_2669-e1707708665395-600x600.jpg 600w, https:\/\/www.shop.melissalovesevents.com\/wp-content\/uploads\/2024\/02\/IMG_2669-e1707708665395-100x100.jpg 100w\" sizes=\"(max-width: 749px) 100vw, 749px\" \/>\t\t\t\t\t\t\t\t<\/a>\n\t\t\t\t\t\t\t\t\t\t\t\t\t<\/div>\n\t\t\t\t<\/div>\n\t\t\t\t\t<\/div>\n\t\t<\/div>\n\t\t\t\t<div class=\"elementor-column elementor-col-50 elementor-top-column elementor-element elementor-element-b856fcd\" data-id=\"b856fcd\" data-element_type=\"column\">\n\t\t\t<div class=\"elementor-widget-wrap elementor-element-populated\">\n\t\t\t\t\t\t<div class=\"elementor-element elementor-element-85d67ae elementor-widget elementor-widget-heading\" data-id=\"85d67ae\" data-element_type=\"widget\" data-widget_type=\"heading.default\">\n\t\t\t\t<div class=\"elementor-widget-container\">\n\t\t\t<h3 class=\"elementor-heading-title elementor-size-default\"><a href=\"https:\/\/www.shop.melissalovesevents.com\/index.php\/theme-garcon\/\">Th\u00e8me Gar\u00e7on<\/a><\/h3>\t\t<\/div>\n\t\t\t\t<\/div>\n\t\t\t\t<div class=\"elementor-element elementor-element-36aa104 elementor-widget elementor-widget-image\" data-id=\"36aa104\" data-element_type=\"widget\" data-widget_type=\"image.default\">\n\t\t\t\t<div class=\"elementor-widget-container\">\n\t\t\t\t\t\t\t\t\t\t\t\t\t\t<a href=\"https:\/\/www.shop.melissalovesevents.com\/index.php\/theme-garcon\/\">\n\t\t\t\t\t\t\t<img decoding=\"async\" width=\"732\" height=\"733\" src=\"https:\/\/www.shop.melissalovesevents.com\/wp-content\/uploads\/2024\/02\/IMG_2667-e1707708573643.jpg\" class=\"attachment-full size-full wp-image-7509\" alt=\"\" srcset=\"https:\/\/www.shop.melissalovesevents.com\/wp-content\/uploads\/2024\/02\/IMG_2667-e1707708573643.jpg 732w, https:\/\/www.shop.melissalovesevents.com\/wp-content\/uploads\/2024\/02\/IMG_2667-e1707708573643-300x300.jpg 300w, https:\/\/www.shop.melissalovesevents.com\/wp-content\/uploads\/2024\/02\/IMG_2667-e1707708573643-150x150.jpg 150w, https:\/\/www.shop.melissalovesevents.com\/wp-content\/uploads\/2024\/02\/IMG_2667-e1707708573643-600x601.jpg 600w, https:\/\/www.shop.melissalovesevents.com\/wp-content\/uploads\/2024\/02\/IMG_2667-e1707708573643-100x100.jpg 100w\" sizes=\"(max-width: 732px) 100vw, 732px\" \/>\t\t\t\t\t\t\t\t<\/a>\n\t\t\t\t\t\t\t\t\t\t\t\t\t<\/div>\n\t\t\t\t<\/div>\n\t\t\t\t\t<\/div>\n\t\t<\/div>\n\t\t\t\t\t<\/div>\n\t\t<\/section>\n\t\t\t\t<section class=\"elementor-section elementor-top-section elementor-element elementor-element-181ce03 elementor-section-full_width elementor-section-height-default elementor-section-height-default\" data-id=\"181ce03\" data-element_type=\"section\">\n\t\t\t\t\t\t<div class=\"elementor-container elementor-column-gap-default\">\n\t\t\t\t\t<div class=\"elementor-column elementor-col-50 elementor-top-column elementor-element elementor-element-e496afd\" data-id=\"e496afd\" data-element_type=\"column\">\n\t\t\t<div class=\"elementor-widget-wrap elementor-element-populated\">\n\t\t\t\t\t\t<div class=\"elementor-element elementor-element-9a775c4 elementor-widget elementor-widget-heading\" data-id=\"9a775c4\" data-element_type=\"widget\" data-widget_type=\"heading.default\">\n\t\t\t\t<div class=\"elementor-widget-container\">\n\t\t\t<h3 class=\"elementor-heading-title elementor-size-default\"><a href=\"https:\/\/www.shop.melissalovesevents.com\/index.php\/theme-mixte\/\">Th\u00e8me Mixte<\/a><\/h3>\t\t<\/div>\n\t\t\t\t<\/div>\n\t\t\t\t<div class=\"elementor-element elementor-element-c99bf96 elementor-widget elementor-widget-image\" data-id=\"c99bf96\" data-element_type=\"widget\" data-widget_type=\"image.default\">\n\t\t\t\t<div class=\"elementor-widget-container\">\n\t\t\t\t\t\t\t\t\t\t\t\t\t\t<a href=\"https:\/\/www.shop.melissalovesevents.com\/index.php\/theme-mixte\/\">\n\t\t\t\t\t\t\t<img decoding=\"async\" width=\"800\" height=\"800\" src=\"https:\/\/www.shop.melissalovesevents.com\/wp-content\/uploads\/2024\/02\/eid-mubarak-eucalyptus.jpeg\" class=\"attachment-large size-large wp-image-7511\" alt=\"\" srcset=\"https:\/\/www.shop.melissalovesevents.com\/wp-content\/uploads\/2024\/02\/eid-mubarak-eucalyptus.jpeg 800w, https:\/\/www.shop.melissalovesevents.com\/wp-content\/uploads\/2024\/02\/eid-mubarak-eucalyptus-300x300.jpeg 300w, https:\/\/www.shop.melissalovesevents.com\/wp-content\/uploads\/2024\/02\/eid-mubarak-eucalyptus-150x150.jpeg 150w, https:\/\/www.shop.melissalovesevents.com\/wp-content\/uploads\/2024\/02\/eid-mubarak-eucalyptus-768x768.jpeg 768w, https:\/\/www.shop.melissalovesevents.com\/wp-content\/uploads\/2024\/02\/eid-mubarak-eucalyptus-600x600.jpeg 600w, https:\/\/www.shop.melissalovesevents.com\/wp-content\/uploads\/2024\/02\/eid-mubarak-eucalyptus-100x100.jpeg 100w\" sizes=\"(max-width: 800px) 100vw, 800px\" \/>\t\t\t\t\t\t\t\t<\/a>\n\t\t\t\t\t\t\t\t\t\t\t\t\t<\/div>\n\t\t\t\t<\/div>\n\t\t\t\t\t<\/div>\n\t\t<\/div>\n\t\t\t\t<div class=\"elementor-column elementor-col-50 elementor-top-column elementor-element elementor-element-e41c623\" data-id=\"e41c623\" data-element_type=\"column\">\n\t\t\t<div class=\"elementor-widget-wrap elementor-element-populated\">\n\t\t\t\t\t\t<div class=\"elementor-element elementor-element-2dd313a elementor-widget elementor-widget-heading\" data-id=\"2dd313a\" data-element_type=\"widget\" data-widget_type=\"heading.default\">\n\t\t\t\t<div class=\"elementor-widget-container\">\n\t\t\t<h3 class=\"elementor-heading-title elementor-size-default\"><a href=\"https:\/\/www.shop.melissalovesevents.com\/index.php\/produit\/theme-sur-mesure\/\">Th\u00e8me Sur Mesure<\/a><\/h3>\t\t<\/div>\n\t\t\t\t<\/div>\n\t\t\t\t<div class=\"elementor-element elementor-element-524a5f3 elementor-widget elementor-widget-image\" data-id=\"524a5f3\" data-element_type=\"widget\" data-widget_type=\"image.default\">\n\t\t\t\t<div class=\"elementor-widget-container\">\n\t\t\t\t\t\t\t\t\t\t\t\t\t\t<a href=\"https:\/\/www.shop.melissalovesevents.com\/index.php\/produit\/theme-sur-mesure\/\">\n\t\t\t\t\t\t\t<img loading=\"lazy\" decoding=\"async\" width=\"400\" height=\"400\" src=\"https:\/\/www.shop.melissalovesevents.com\/wp-content\/uploads\/2024\/02\/theme-sur-mesure.jpeg\" class=\"attachment-large size-large wp-image-7612\" alt=\"\" srcset=\"https:\/\/www.shop.melissalovesevents.com\/wp-content\/uploads\/2024\/02\/theme-sur-mesure.jpeg 400w, https:\/\/www.shop.melissalovesevents.com\/wp-content\/uploads\/2024\/02\/theme-sur-mesure-300x300.jpeg 300w, https:\/\/www.shop.melissalovesevents.com\/wp-content\/uploads\/2024\/02\/theme-sur-mesure-150x150.jpeg 150w, https:\/\/www.shop.melissalovesevents.com\/wp-content\/uploads\/2024\/02\/theme-sur-mesure-100x100.jpeg 100w\" sizes=\"(max-width: 400px) 100vw, 400px\" \/>\t\t\t\t\t\t\t\t<\/a>\n\t\t\t\t\t\t\t\t\t\t\t\t\t<\/div>\n\t\t\t\t<\/div>\n\t\t\t\t\t<\/div>\n\t\t<\/div>\n\t\t\t\t\t<\/div>\n\t\t<\/section>\n\t\t\t\t<\/div>\n\t\t","protected":false},"excerpt":{"rendered":"<p>NOS TH\u00c8MES Vous souhaitez un th\u00e8me qui n\u2019existe pas dans cette liste ?\u00a0Contactez-nous !Des frais de personnalisation sont demand\u00e9 pour un th\u00e8me sur mesure. Th\u00e8me fille Th\u00e8me Gar\u00e7on Th\u00e8me Mixte Th\u00e8me Sur Mesure<\/p>\n","protected":false},"author":1,"featured_media":0,"parent":0,"menu_order":0,"comment_status":"closed","ping_status":"closed","template":"","meta":{"_eb_attr":"","eb_css":"","footnotes":""},"class_list":["post-3464","page","type-page","status-publish","hentry"],"jetpack_sharing_enabled":true,"_links":{"self":[{"href":"https:\/\/www.shop.melissalovesevents.com\/index.php\/wp-json\/wp\/v2\/pages\/3464","targetHints":{"allow":["GET"]}}],"collection":[{"href":"https:\/\/www.shop.melissalovesevents.com\/index.php\/wp-json\/wp\/v2\/pages"}],"about":[{"href":"https:\/\/www.shop.melissalovesevents.com\/index.php\/wp-json\/wp\/v2\/types\/page"}],"author":[{"embeddable":true,"href":"https:\/\/www.shop.melissalovesevents.com\/index.php\/wp-json\/wp\/v2\/users\/1"}],"replies":[{"embeddable":true,"href":"https:\/\/www.shop.melissalovesevents.com\/index.php\/wp-json\/wp\/v2\/comments?post=3464"}],"version-history":[{"count":18,"href":"https:\/\/www.shop.melissalovesevents.com\/index.php\/wp-json\/wp\/v2\/pages\/3464\/revisions"}],"predecessor-version":[{"id":8042,"href":"https:\/\/www.shop.melissalovesevents.com\/index.php\/wp-json\/wp\/v2\/pages\/3464\/revisions\/8042"}],"wp:attachment":[{"href":"https:\/\/www.shop.melissalovesevents.com\/index.php\/wp-json\/wp\/v2\/media?parent=3464"}],"curies":[{"name":"wp","href":"https:\/\/api.w.org\/{rel}","templated":true}]}}