{"id":48,"date":"2024-02-11T04:39:19","date_gmt":"2024-02-11T03:39:19","guid":{"rendered":"https:\/\/www.shop.melissalovesevents.com\/?post_type=product&#038;p=48"},"modified":"2024-03-09T02:42:16","modified_gmt":"2024-03-09T01:42:16","slug":"paquet-de-chips-personnalise","status":"publish","type":"product","link":"https:\/\/www.shop.melissalovesevents.com\/index.php\/produit\/paquet-de-chips-personnalise\/","title":{"rendered":"Paquet de chips personnalis\u00e9"},"content":{"rendered":"<p><strong>Pour des raisons d&#8217;hygi\u00e8ne, les chips ne sont pas manipul\u00e9s et le paquet est vendu ferm\u00e9<\/strong><\/p>\n<h5>CHOIX DU FORMAT<\/h5>\n<p>Le format n\u2019est pas personnalisable, il est pr\u00e9cis\u00e9 sur la fiche produit.<\/p>\n<h5>PERSONNALISATION DU TEXTE<\/h5>\n<p>Vous pouvez configurer votre article et nous transmettre vos textes en remplissant les informations demand\u00e9es dans la page du produit.<\/p>\n<h5>COMMANDE &amp; LIVRAISON<\/h5>\n<p>Le d\u00e9lai de fabrication de votre commande est de 10 jours ouvr\u00e9s.\u00a0Si en revanche vous avez commandez une box, le d\u00e9lai de fabrication risque d&#8217;\u00eatre allong\u00e9.<\/p>\n","protected":false},"excerpt":{"rendered":"<p>Paquet de chips \u00e0 personnaliser selon le th\u00e8me de votre choix.<\/p>\n<p>\u2022 Marque : Lays Nature<br \/>\n\u2022 Dimensions : 19 x 13cm<br \/>\n\u2022 Pr\u00eat \u00e0 l&#8217;emploi<\/p>\n","protected":false},"featured_media":7390,"comment_status":"open","ping_status":"closed","template":"","meta":{"_eb_attr":"","eb_css":""},"product_cat":[20],"product_tag":[84,21,22,82,83,23,24,85,81,25],"class_list":{"0":"post-48","1":"product","2":"type-product","3":"status-publish","4":"has-post-thumbnail","6":"product_cat-articles-personnalises","7":"product_tag-anniversaire","8":"product_tag-anniversaire-martinique","9":"product_tag-anniversaire-personnalise","10":"product_tag-deco-anniversaire","11":"product_tag-deco-anniversaire-guadeloupe","12":"product_tag-deco-anniversaire-martinique","13":"product_tag-deco-martinique","14":"product_tag-deco-personnalise","15":"product_tag-papeterie","16":"product_tag-papeterie-personnalisee","17":"wcpa_has_options","19":"first","20":"instock","21":"shipping-taxable","22":"purchasable","23":"product-type-simple"},"jetpack_sharing_enabled":true,"_links":{"self":[{"href":"https:\/\/www.shop.melissalovesevents.com\/index.php\/wp-json\/wp\/v2\/product\/48","targetHints":{"allow":["GET"]}}],"collection":[{"href":"https:\/\/www.shop.melissalovesevents.com\/index.php\/wp-json\/wp\/v2\/product"}],"about":[{"href":"https:\/\/www.shop.melissalovesevents.com\/index.php\/wp-json\/wp\/v2\/types\/product"}],"replies":[{"embeddable":true,"href":"https:\/\/www.shop.melissalovesevents.com\/index.php\/wp-json\/wp\/v2\/comments?post=48"}],"wp:featuredmedia":[{"embeddable":true,"href":"https:\/\/www.shop.melissalovesevents.com\/index.php\/wp-json\/wp\/v2\/media\/7390"}],"wp:attachment":[{"href":"https:\/\/www.shop.melissalovesevents.com\/index.php\/wp-json\/wp\/v2\/media?parent=48"}],"wp:term":[{"taxonomy":"product_cat","embeddable":true,"href":"https:\/\/www.shop.melissalovesevents.com\/index.php\/wp-json\/wp\/v2\/product_cat?post=48"},{"taxonomy":"product_tag","embeddable":true,"href":"https:\/\/www.shop.melissalovesevents.com\/index.php\/wp-json\/wp\/v2\/product_tag?post=48"}],"curies":[{"name":"wp","href":"https:\/\/api.w.org\/{rel}","templated":true}]}}