{"id":7442,"date":"2024-02-12T00:16:41","date_gmt":"2024-02-11T23:16:41","guid":{"rendered":"https:\/\/www.shop.melissalovesevents.com\/?post_type=product&#038;p=7442"},"modified":"2025-05-13T16:55:55","modified_gmt":"2025-05-13T14:55:55","slug":"affiche-et-poster","status":"publish","type":"product","link":"https:\/\/www.shop.melissalovesevents.com\/index.php\/produit\/affiche-et-poster\/","title":{"rendered":"Affiche et Poster"},"content":{"rendered":"<h5>CHOIX DU FORMAT<\/h5>\n<p>Le format n\u2019est pas personnalisable, il est pr\u00e9cis\u00e9 sur la fiche produit.<\/p>\n<h5>PERSONNALISATION DU TEXTE<\/h5>\n<p>Vous pouvez configurer votre article et nous transmettre vos textes en remplissant les informations demand\u00e9es dans la page du produit.<\/p>\n<h5>COMMANDE &amp; LIVRAISON<\/h5>\n<p>Le d\u00e9lai de fabrication de votre commande est de 10 jours ouvr\u00e9s.\u00a0Si en revanche vous avez commandez une box, le d\u00e9lai de fabrication risque d&#8217;\u00eatre allong\u00e9.<\/p>\n<p>Une fois votre commande exp\u00e9di\u00e9e, vous recevrez une notification de retrait ou votre num\u00e9ro de suivi colissimo par mail ou consultable dans votre espace personnel<\/p>\n","protected":false},"excerpt":{"rendered":"<p>Affiche \u00e0 personnaliser selon le th\u00e8me de votre choix. <a href=\"https:\/\/www.shop.melissalovesevents.com\/index.php\/liste-des-themes\/\"><strong>Voir la liste des th\u00e8mes\u00a0<\/strong><\/a><br \/>\nPour une affiche d&#8217;une autre dimension, veuillez nous contacter <a href=\"https:\/\/www.shop.melissalovesevents.com\/index.php\/contact\/\">ici<\/a>.<\/p>\n<p><strong>IMPORTANT : Les affiches grands formats (Fond de bar) ne peuvent \u00eatre exp\u00e9di\u00e9es<\/strong><\/p>\n<p>\u2022 Vendue sans cadre<br \/>\n\u2022 Format : au choix<br \/>\n\u2022 Mati\u00e8re : papier<\/p>\n","protected":false},"featured_media":8342,"comment_status":"open","ping_status":"closed","template":"","meta":{"_eb_attr":"","eb_css":""},"product_cat":[20],"product_tag":[],"class_list":{"0":"post-7442","1":"product","2":"type-product","3":"status-publish","4":"has-post-thumbnail","6":"product_cat-articles-personnalises","7":"wcpa_has_options","9":"first","10":"instock","11":"shipping-taxable","12":"purchasable","13":"product-type-variable"},"jetpack_sharing_enabled":true,"_links":{"self":[{"href":"https:\/\/www.shop.melissalovesevents.com\/index.php\/wp-json\/wp\/v2\/product\/7442","targetHints":{"allow":["GET"]}}],"collection":[{"href":"https:\/\/www.shop.melissalovesevents.com\/index.php\/wp-json\/wp\/v2\/product"}],"about":[{"href":"https:\/\/www.shop.melissalovesevents.com\/index.php\/wp-json\/wp\/v2\/types\/product"}],"replies":[{"embeddable":true,"href":"https:\/\/www.shop.melissalovesevents.com\/index.php\/wp-json\/wp\/v2\/comments?post=7442"}],"wp:featuredmedia":[{"embeddable":true,"href":"https:\/\/www.shop.melissalovesevents.com\/index.php\/wp-json\/wp\/v2\/media\/8342"}],"wp:attachment":[{"href":"https:\/\/www.shop.melissalovesevents.com\/index.php\/wp-json\/wp\/v2\/media?parent=7442"}],"wp:term":[{"taxonomy":"product_cat","embeddable":true,"href":"https:\/\/www.shop.melissalovesevents.com\/index.php\/wp-json\/wp\/v2\/product_cat?post=7442"},{"taxonomy":"product_tag","embeddable":true,"href":"https:\/\/www.shop.melissalovesevents.com\/index.php\/wp-json\/wp\/v2\/product_tag?post=7442"}],"curies":[{"name":"wp","href":"https:\/\/api.w.org\/{rel}","templated":true}]}}