{"id":7502,"date":"2024-02-12T02:45:01","date_gmt":"2024-02-12T01:45:01","guid":{"rendered":"https:\/\/www.shop.melissalovesevents.com\/?post_type=product&#038;p=7502"},"modified":"2024-03-01T06:14:28","modified_gmt":"2024-03-01T05:14:28","slug":"boite-a-gateau-lunch-box","status":"publish","type":"product","link":"https:\/\/www.shop.melissalovesevents.com\/index.php\/produit\/boite-a-gateau-lunch-box\/","title":{"rendered":"Bo\u00eete \u00e0 gateau \/ Lunch box personnalis\u00e9e"},"content":{"rendered":"<h5>CHOIX DU FORMAT<\/h5>\n<p>Le format n\u2019est pas personnalisable, il est pr\u00e9cis\u00e9 sur la fiche produit.<\/p>\n<h5>PERSONNALISATION DU TEXTE<\/h5>\n<p>Vous pouvez configurer votre article et nous transmettre vos textes en remplissant les informations demand\u00e9es dans la page du produit.<\/p>\n<h5>COMMANDE &amp; LIVRAISON<\/h5>\n<p>Le d\u00e9lai de fabrication de votre commande est de 10 jours ouvr\u00e9s.\u00a0Si en revanche vous avez commandez une box, le d\u00e9lai de fabrication risque d&#8217;\u00eatre allong\u00e9.<\/p>\n<p>Une fois votre commande exp\u00e9di\u00e9e, vous recevrez votre num\u00e9ro de suivi colissimo par mail ou consultable dans votre espace personnel (lien en bas de page).<\/p>\n","protected":false},"excerpt":{"rendered":"<p>Bo\u00eete \u00e0 g\u00e2teau pour vos invit\u00e9s \u00e0 personnaliser selon le th\u00e8me de votre choix. <strong>Choisissez le th\u00e8me de votre choix &gt; <a href=\"https:\/\/www.shop.melissalovesevents.com\/index.php\/liste-des-themes\/\">Voir la liste des th\u00e8mes.<\/a><\/strong><\/p>\n<p>Caract\u00e9ristique: bo\u00eete \u00e0\u00a0 g\u00e2teau + impression<br \/>\nDimensions : 15cm(l) x 20cm(h)<\/p>\n","protected":false},"featured_media":7503,"comment_status":"open","ping_status":"closed","template":"","meta":{"_eb_attr":"","eb_css":""},"product_cat":[20],"product_tag":[],"class_list":{"0":"post-7502","1":"product","2":"type-product","3":"status-publish","4":"has-post-thumbnail","6":"product_cat-articles-personnalises","7":"wcpa_has_options","9":"first","10":"instock","11":"shipping-taxable","12":"purchasable","13":"product-type-simple"},"jetpack_sharing_enabled":true,"_links":{"self":[{"href":"https:\/\/www.shop.melissalovesevents.com\/index.php\/wp-json\/wp\/v2\/product\/7502","targetHints":{"allow":["GET"]}}],"collection":[{"href":"https:\/\/www.shop.melissalovesevents.com\/index.php\/wp-json\/wp\/v2\/product"}],"about":[{"href":"https:\/\/www.shop.melissalovesevents.com\/index.php\/wp-json\/wp\/v2\/types\/product"}],"replies":[{"embeddable":true,"href":"https:\/\/www.shop.melissalovesevents.com\/index.php\/wp-json\/wp\/v2\/comments?post=7502"}],"wp:featuredmedia":[{"embeddable":true,"href":"https:\/\/www.shop.melissalovesevents.com\/index.php\/wp-json\/wp\/v2\/media\/7503"}],"wp:attachment":[{"href":"https:\/\/www.shop.melissalovesevents.com\/index.php\/wp-json\/wp\/v2\/media?parent=7502"}],"wp:term":[{"taxonomy":"product_cat","embeddable":true,"href":"https:\/\/www.shop.melissalovesevents.com\/index.php\/wp-json\/wp\/v2\/product_cat?post=7502"},{"taxonomy":"product_tag","embeddable":true,"href":"https:\/\/www.shop.melissalovesevents.com\/index.php\/wp-json\/wp\/v2\/product_tag?post=7502"}],"curies":[{"name":"wp","href":"https:\/\/api.w.org\/{rel}","templated":true}]}}