{"id":7931,"date":"2024-02-13T06:53:12","date_gmt":"2024-02-13T05:53:12","guid":{"rendered":"https:\/\/www.shop.melissalovesevents.com\/?post_type=product&#038;p=7931"},"modified":"2024-02-13T06:55:48","modified_gmt":"2024-02-13T05:55:48","slug":"carton-dinvitation-lady-bug","status":"publish","type":"product","link":"https:\/\/www.shop.melissalovesevents.com\/index.php\/produit\/carton-dinvitation-lady-bug\/","title":{"rendered":"Carton d&#8217;invitation | Lady Bug"},"content":{"rendered":"<h5>CHOIX DU FORMAT<\/h5>\n<p>Le format de la papeterie n&#8217;est pas personnalisable. Ce format est pr\u00e9cis\u00e9 sur la fiche produit.<\/p>\n<h5>PERSONNALISATION DU MOD\u00c8LE<\/h5>\n<p>Remplissez les informations demand\u00e9es dans la fiche produit en v\u00e9rifiant\u00a0bien l&#8217;orthographe (accents, c\u00e9dille, &#8230;).<\/p>\n<p>Nous personnalisons votre article avec le texte de votre choix, sous r\u00e9serve de la place disponible sur le mod\u00e8le. Vous pouvez \u00e9galement choisir un mod\u00e8le naissance pour un bapt\u00eame ou un anniversaire, et inversement.<\/p>\n<h5>MODIFICATION DU MOD\u00c8LE<\/h5>\n<p>Si le mod\u00e8le comporte une date, celle-ci sera personnalis\u00e9e conform\u00e9ment au mod\u00e8le (en toutes lettres ou num\u00e9rique selon les mod\u00e8les) si vous souhaitez une pr\u00e9sentation diff\u00e9rente, merci de nous le pr\u00e9ciser.<\/p>\n<p>Si la police propos\u00e9e sur le mod\u00e8le ne vous convient pas, vous pouvez nous demander le changement de typo en nous pr\u00e9cisant la police de caract\u00e8res souhait\u00e9e \u00e0 la place de celle propos\u00e9e. Si il s&#8217;agit d&#8217;une police payante, merci de nous envoyer le fichier .otf ou .ttf par mail.<\/p>\n<h5>VALIDATION<\/h5>\n<p>Une fois votre commande valid\u00e9e, nous reviendrons vers vous sous 48h ouvrables avec la maquette de votre ou vos article(s) personnalis\u00e9(s).<br \/>\nCe BAT do\u00eet \u00eatre valid\u00e9 par vos soins en nous confirmant par retour de mail que le visuel est bien conforme \u00e0 votre demande.<br \/>\nLe d\u00e9lai de fabrication de votre commande est de 6 \u00e0 8 jours ouvr\u00e9s, il est effectif \u00e0 partir de votre validation du BAT (bon \u00e0 tirer).<\/p>\n","protected":false},"excerpt":{"rendered":"<p>Personnalisez ce carton d\u2019anniversaire fait main sur le th\u00e8me Miraculous.\u00a0 Annoncez l&#8217;anniversaire ou le bapt\u00eame de votre bout de chou de fa\u00e7on originale.<\/p>\n<p>\u25c6 Mati\u00e8re : Papier \u00e9pais<br \/>\n\u25c6 Impression num\u00e9rique : Recto<br \/>\n\u25c6 Quantit\u00e9 minimale : 5 exemplaires<\/p>\n<p>Vendu sans enveloppe<\/p>\n","protected":false},"featured_media":7937,"comment_status":"open","ping_status":"closed","template":"","meta":{"_eb_attr":"","eb_css":""},"product_cat":[40,78],"product_tag":[],"class_list":{"0":"post-7931","1":"product","2":"type-product","3":"status-publish","4":"has-post-thumbnail","6":"product_cat-invitation-papier","7":"product_cat-invitation-papier-fille","9":"first","10":"instock","11":"shipping-taxable","12":"purchasable","13":"product-type-variable"},"jetpack_sharing_enabled":true,"_links":{"self":[{"href":"https:\/\/www.shop.melissalovesevents.com\/index.php\/wp-json\/wp\/v2\/product\/7931","targetHints":{"allow":["GET"]}}],"collection":[{"href":"https:\/\/www.shop.melissalovesevents.com\/index.php\/wp-json\/wp\/v2\/product"}],"about":[{"href":"https:\/\/www.shop.melissalovesevents.com\/index.php\/wp-json\/wp\/v2\/types\/product"}],"replies":[{"embeddable":true,"href":"https:\/\/www.shop.melissalovesevents.com\/index.php\/wp-json\/wp\/v2\/comments?post=7931"}],"wp:featuredmedia":[{"embeddable":true,"href":"https:\/\/www.shop.melissalovesevents.com\/index.php\/wp-json\/wp\/v2\/media\/7937"}],"wp:attachment":[{"href":"https:\/\/www.shop.melissalovesevents.com\/index.php\/wp-json\/wp\/v2\/media?parent=7931"}],"wp:term":[{"taxonomy":"product_cat","embeddable":true,"href":"https:\/\/www.shop.melissalovesevents.com\/index.php\/wp-json\/wp\/v2\/product_cat?post=7931"},{"taxonomy":"product_tag","embeddable":true,"href":"https:\/\/www.shop.melissalovesevents.com\/index.php\/wp-json\/wp\/v2\/product_tag?post=7931"}],"curies":[{"name":"wp","href":"https:\/\/api.w.org\/{rel}","templated":true}]}}