{"id":7972,"date":"2024-02-13T22:44:53","date_gmt":"2024-02-13T21:44:53","guid":{"rendered":"https:\/\/www.shop.melissalovesevents.com\/?post_type=product&#038;p=7972"},"modified":"2024-03-02T05:21:18","modified_gmt":"2024-03-02T04:21:18","slug":"kit-de-coloriage-personnalise","status":"publish","type":"product","link":"https:\/\/www.shop.melissalovesevents.com\/index.php\/produit\/kit-de-coloriage-personnalise\/","title":{"rendered":"Kit de coloriage personnalis\u00e9"},"content":{"rendered":"<h5>CHOIX DU FORMAT<\/h5>\n<p>Le format n\u2019est pas personnalisable, il est pr\u00e9cis\u00e9 sur la fiche produit.<\/p>\n<h5>PERSONNALISATION DU TEXTE<\/h5>\n<p>Vous pouvez configurer votre article et nous transmettre vos textes en remplissant les informations demand\u00e9es dans la page du produit.<\/p>\n<h5>COMMANDE &amp; LIVRAISON<\/h5>\n<p>Le d\u00e9lai de fabrication de votre commande est de 10 jours ouvr\u00e9s.\u00a0Si en revanche vous avez commandez une box, le d\u00e9lai de fabrication risque d&#8217;\u00eatre allong\u00e9.<\/p>\n<p>Une fois votre commande pr\u00eate, vous recevrez un message par mail.<\/p>\n","protected":false},"excerpt":{"rendered":"<p>Kit de coloriage \u00e0 personnaliser selon le th\u00e8me de votre choix. <strong>Choisissez le th\u00e8me de votre choix &gt; <a href=\"https:\/\/www.shop.melissalovesevents.com\/index.php\/liste-des-themes\/\">Voir la liste des th\u00e8mes.<\/a><\/strong><br \/>\nCe kit comprends : un cahier d&#8217;activit\u00e9 avec petite bo\u00eete de crayons de couleur, le tout personnalis\u00e9.<br \/>\nVous pouvez commander uniquement le cahier<\/p>\n<p>\u2022 Mati\u00e8re : Papier<br \/>\n\u2022 Dimensions cahier : 10,5cm(l) x 14,8cm(h)<\/p>\n","protected":false},"featured_media":8180,"comment_status":"open","ping_status":"closed","template":"","meta":{"_eb_attr":"","eb_css":""},"product_cat":[20],"product_tag":[21,22,23,24,25],"class_list":{"0":"post-7972","1":"product","2":"type-product","3":"status-publish","4":"has-post-thumbnail","6":"product_cat-articles-personnalises","7":"product_tag-anniversaire-martinique","8":"product_tag-anniversaire-personnalise","9":"product_tag-deco-anniversaire-martinique","10":"product_tag-deco-martinique","11":"product_tag-papeterie-personnalisee","12":"wcpa_has_options","14":"first","15":"instock","16":"shipping-taxable","17":"purchasable","18":"product-type-variable"},"jetpack_sharing_enabled":true,"_links":{"self":[{"href":"https:\/\/www.shop.melissalovesevents.com\/index.php\/wp-json\/wp\/v2\/product\/7972","targetHints":{"allow":["GET"]}}],"collection":[{"href":"https:\/\/www.shop.melissalovesevents.com\/index.php\/wp-json\/wp\/v2\/product"}],"about":[{"href":"https:\/\/www.shop.melissalovesevents.com\/index.php\/wp-json\/wp\/v2\/types\/product"}],"replies":[{"embeddable":true,"href":"https:\/\/www.shop.melissalovesevents.com\/index.php\/wp-json\/wp\/v2\/comments?post=7972"}],"wp:featuredmedia":[{"embeddable":true,"href":"https:\/\/www.shop.melissalovesevents.com\/index.php\/wp-json\/wp\/v2\/media\/8180"}],"wp:attachment":[{"href":"https:\/\/www.shop.melissalovesevents.com\/index.php\/wp-json\/wp\/v2\/media?parent=7972"}],"wp:term":[{"taxonomy":"product_cat","embeddable":true,"href":"https:\/\/www.shop.melissalovesevents.com\/index.php\/wp-json\/wp\/v2\/product_cat?post=7972"},{"taxonomy":"product_tag","embeddable":true,"href":"https:\/\/www.shop.melissalovesevents.com\/index.php\/wp-json\/wp\/v2\/product_tag?post=7972"}],"curies":[{"name":"wp","href":"https:\/\/api.w.org\/{rel}","templated":true}]}}