{"id":8055,"date":"2024-02-28T02:31:10","date_gmt":"2024-02-28T01:31:10","guid":{"rendered":"https:\/\/www.shop.melissalovesevents.com\/?post_type=product&#038;p=8055"},"modified":"2024-03-05T13:54:56","modified_gmt":"2024-03-05T12:54:56","slug":"sac-cadeau-haut-de-gamme-personnalise","status":"publish","type":"product","link":"https:\/\/www.shop.melissalovesevents.com\/index.php\/produit\/sac-cadeau-haut-de-gamme-personnalise\/","title":{"rendered":"Sac cadeau personnalis\u00e9"},"content":{"rendered":"<p>\u25c6 Dimensions : environ 16 cm (H) x 13 cm (L) x 4cm (l)<br \/>\n\u25c6 Mati\u00e8re : Papier \u00e9pais blanc<\/p>\n<h5>CHOIX DU FORMAT<\/h5>\n<p>Le format n\u2019est pas personnalisable, il est pr\u00e9cis\u00e9 sur la fiche produit.<\/p>\n<h5>PERSONNALISATION DU TEXTE<\/h5>\n<p>Vous pouvez configurer votre article et nous transmettre vos textes en remplissant les informations demand\u00e9es dans la page du produit.<\/p>\n<h5>COMMANDE &amp; LIVRAISON<\/h5>\n<p>Le d\u00e9lai de fabrication de votre commande est de 10 jours ouvr\u00e9s.\u00a0Si en revanche vous avez commandez une box, le d\u00e9lai de fabrication risque d&#8217;\u00eatre allong\u00e9.<\/p>\n<p>Une fois votre commande pr\u00eate, vous recevrez un message par mail.<\/p>\n","protected":false},"excerpt":{"rendered":"<p>Sac cadeau pour vos invit\u00e9s \u00e0 personnaliser selon le th\u00e8me de votre choix. <strong>Choisissez le th\u00e8me de votre choix &gt; <a href=\"https:\/\/www.shop.melissalovesevents.com\/index.php\/liste-des-themes\/\">Voir la liste des th\u00e8mes.<\/a><\/strong><\/p>\n<p>Caract\u00e9ristique: Sac cadeau totalement imprim\u00e9 avec ruban en satin assorti<br \/>\nDimensions : 13cm(l) x 15cm(h)<\/p>\n<p>*Article enti\u00e8rement fait main<\/p>\n","protected":false},"featured_media":8338,"comment_status":"open","ping_status":"closed","template":"","meta":{"_eb_attr":"","eb_css":""},"product_cat":[20],"product_tag":[21,22,23,24,25],"class_list":{"0":"post-8055","1":"product","2":"type-product","3":"status-publish","4":"has-post-thumbnail","6":"product_cat-articles-personnalises","7":"product_tag-anniversaire-martinique","8":"product_tag-anniversaire-personnalise","9":"product_tag-deco-anniversaire-martinique","10":"product_tag-deco-martinique","11":"product_tag-papeterie-personnalisee","12":"wcpa_has_options","14":"first","15":"instock","16":"sale","17":"shipping-taxable","18":"purchasable","19":"product-type-simple"},"jetpack_sharing_enabled":true,"_links":{"self":[{"href":"https:\/\/www.shop.melissalovesevents.com\/index.php\/wp-json\/wp\/v2\/product\/8055","targetHints":{"allow":["GET"]}}],"collection":[{"href":"https:\/\/www.shop.melissalovesevents.com\/index.php\/wp-json\/wp\/v2\/product"}],"about":[{"href":"https:\/\/www.shop.melissalovesevents.com\/index.php\/wp-json\/wp\/v2\/types\/product"}],"replies":[{"embeddable":true,"href":"https:\/\/www.shop.melissalovesevents.com\/index.php\/wp-json\/wp\/v2\/comments?post=8055"}],"wp:featuredmedia":[{"embeddable":true,"href":"https:\/\/www.shop.melissalovesevents.com\/index.php\/wp-json\/wp\/v2\/media\/8338"}],"wp:attachment":[{"href":"https:\/\/www.shop.melissalovesevents.com\/index.php\/wp-json\/wp\/v2\/media?parent=8055"}],"wp:term":[{"taxonomy":"product_cat","embeddable":true,"href":"https:\/\/www.shop.melissalovesevents.com\/index.php\/wp-json\/wp\/v2\/product_cat?post=8055"},{"taxonomy":"product_tag","embeddable":true,"href":"https:\/\/www.shop.melissalovesevents.com\/index.php\/wp-json\/wp\/v2\/product_tag?post=8055"}],"curies":[{"name":"wp","href":"https:\/\/api.w.org\/{rel}","templated":true}]}}