{"id":8151,"date":"2024-03-02T02:45:29","date_gmt":"2024-03-02T01:45:29","guid":{"rendered":"https:\/\/www.shop.melissalovesevents.com\/?post_type=product&#038;p=8151"},"modified":"2024-03-02T03:40:02","modified_gmt":"2024-03-02T02:40:02","slug":"gobelets-en-carton-personnalises-x10","status":"publish","type":"product","link":"https:\/\/www.shop.melissalovesevents.com\/index.php\/produit\/gobelets-en-carton-personnalises-x10\/","title":{"rendered":"Gobelets en carton personnalis\u00e9s x10"},"content":{"rendered":"<h5>CHOIX DU FORMAT<\/h5>\n<p>Le format n\u2019est pas personnalisable, il est pr\u00e9cis\u00e9 sur la fiche produit.<\/p>\n<h5>PERSONNALISATION DU TEXTE<\/h5>\n<p>Vous pouvez configurer votre article et nous transmettre vos textes en remplissant les informations demand\u00e9es dans la page du produit.<\/p>\n<h5>COMMANDE &amp; LIVRAISON<\/h5>\n<p>Le d\u00e9lai de fabrication de votre commande est de 10 jours ouvr\u00e9s.\u00a0Si en revanche vous avez commandez une box, le d\u00e9lai de fabrication risque d&#8217;\u00eatre allong\u00e9.<\/p>\n<p>Une fois votre commande exp\u00e9di\u00e9e, vous recevrez votre num\u00e9ro de suivi colissimo par mail ou consultable dans votre espace personnel,50<\/p>\n","protected":false},"excerpt":{"rendered":"<p>10 gobelets en carton \u00e0 personnaliser selon le th\u00e8me de votre choix.<\/p>\n<p><strong>Choisissez le th\u00e8me de votre choix &gt; <a href=\"https:\/\/www.shop.melissalovesevents.com\/index.php\/liste-des-themes\/\">Voir la liste des th\u00e8mes.<\/a><\/strong><\/p>\n<p>\u2022 Enti\u00e8rement personnalis\u00e9<br \/>\n\u2022 Teneur :\u00a021 cl.<br \/>\n\u2022 Mati\u00e8re : carton<\/p>\n","protected":false},"featured_media":8152,"comment_status":"open","ping_status":"closed","template":"","meta":{"_eb_attr":"","eb_css":""},"product_cat":[20],"product_tag":[],"class_list":{"0":"post-8151","1":"product","2":"type-product","3":"status-publish","4":"has-post-thumbnail","6":"product_cat-articles-personnalises","7":"wcpa_has_options","9":"first","10":"instock","11":"shipping-taxable","12":"purchasable","13":"product-type-simple"},"jetpack_sharing_enabled":true,"_links":{"self":[{"href":"https:\/\/www.shop.melissalovesevents.com\/index.php\/wp-json\/wp\/v2\/product\/8151","targetHints":{"allow":["GET"]}}],"collection":[{"href":"https:\/\/www.shop.melissalovesevents.com\/index.php\/wp-json\/wp\/v2\/product"}],"about":[{"href":"https:\/\/www.shop.melissalovesevents.com\/index.php\/wp-json\/wp\/v2\/types\/product"}],"replies":[{"embeddable":true,"href":"https:\/\/www.shop.melissalovesevents.com\/index.php\/wp-json\/wp\/v2\/comments?post=8151"}],"wp:featuredmedia":[{"embeddable":true,"href":"https:\/\/www.shop.melissalovesevents.com\/index.php\/wp-json\/wp\/v2\/media\/8152"}],"wp:attachment":[{"href":"https:\/\/www.shop.melissalovesevents.com\/index.php\/wp-json\/wp\/v2\/media?parent=8151"}],"wp:term":[{"taxonomy":"product_cat","embeddable":true,"href":"https:\/\/www.shop.melissalovesevents.com\/index.php\/wp-json\/wp\/v2\/product_cat?post=8151"},{"taxonomy":"product_tag","embeddable":true,"href":"https:\/\/www.shop.melissalovesevents.com\/index.php\/wp-json\/wp\/v2\/product_tag?post=8151"}],"curies":[{"name":"wp","href":"https:\/\/api.w.org\/{rel}","templated":true}]}}