{"id":8384,"date":"2024-04-20T03:52:03","date_gmt":"2024-04-20T01:52:03","guid":{"rendered":"https:\/\/www.shop.melissalovesevents.com\/?post_type=product&#038;p=8384"},"modified":"2024-04-20T04:09:27","modified_gmt":"2024-04-20T02:09:27","slug":"guirlande-de-ballons-gonflees","status":"publish","type":"product","link":"https:\/\/www.shop.melissalovesevents.com\/index.php\/produit\/guirlande-de-ballons-gonflees\/","title":{"rendered":"Guirlande de ballons gonfl\u00e9es"},"content":{"rendered":"<h5>CARACT\u00c9RISTIQUE DU KIT<\/h5>\n<ul>\n<li>Arches de ballons d\u00e9j\u00e0 gonfl\u00e9es<\/li>\n<li>Pr\u00e9ciser si vous souhaitez l&#8217;arche en plusieurs morceaux<\/li>\n<\/ul>\n<h5>LE PLUS<\/h5>\n<p>En indiquant votre th\u00e8me, nous pouvons vous proposer des couleurs plus adapt\u00e9s et des nuances diff\u00e9rentes.<\/p>\n","protected":false},"excerpt":{"rendered":"<p>Guirlande de ballons d\u00e9j\u00e0 pr\u00eate \u00e0 l&#8217;emploi (gonfl\u00e9e) dans le th\u00e8me de votre choix.<br \/>\nNous pr\u00e9parons vos ballons pour qu&#8217;ils s&#8217;accordent \u00e0 votre th\u00e8me.<br \/>\nPr\u00e9voir un v\u00e9hicule adapt\u00e9 au del\u00e0 de 2 m\u00e8tres<\/p>\n<p>\u2022 Article en clik &amp; collect (Pas de livraison)<br \/>\n\u2022 Calcul\u00e9 au m\u00e8tre de ballons<br \/>\n\u2022 Couleur au choix. (maximum 4 couleurs)<\/p>\n","protected":false},"featured_media":7753,"comment_status":"open","ping_status":"closed","template":"","meta":{"_eb_attr":"","eb_css":""},"product_cat":[69],"product_tag":[],"class_list":{"0":"post-8384","1":"product","2":"type-product","3":"status-publish","4":"has-post-thumbnail","6":"product_cat-article-de-fete","7":"wcpa_has_options","9":"first","10":"instock","11":"shipping-taxable","12":"purchasable","13":"product-type-variable"},"jetpack_sharing_enabled":true,"_links":{"self":[{"href":"https:\/\/www.shop.melissalovesevents.com\/index.php\/wp-json\/wp\/v2\/product\/8384","targetHints":{"allow":["GET"]}}],"collection":[{"href":"https:\/\/www.shop.melissalovesevents.com\/index.php\/wp-json\/wp\/v2\/product"}],"about":[{"href":"https:\/\/www.shop.melissalovesevents.com\/index.php\/wp-json\/wp\/v2\/types\/product"}],"replies":[{"embeddable":true,"href":"https:\/\/www.shop.melissalovesevents.com\/index.php\/wp-json\/wp\/v2\/comments?post=8384"}],"wp:featuredmedia":[{"embeddable":true,"href":"https:\/\/www.shop.melissalovesevents.com\/index.php\/wp-json\/wp\/v2\/media\/7753"}],"wp:attachment":[{"href":"https:\/\/www.shop.melissalovesevents.com\/index.php\/wp-json\/wp\/v2\/media?parent=8384"}],"wp:term":[{"taxonomy":"product_cat","embeddable":true,"href":"https:\/\/www.shop.melissalovesevents.com\/index.php\/wp-json\/wp\/v2\/product_cat?post=8384"},{"taxonomy":"product_tag","embeddable":true,"href":"https:\/\/www.shop.melissalovesevents.com\/index.php\/wp-json\/wp\/v2\/product_tag?post=8384"}],"curies":[{"name":"wp","href":"https:\/\/api.w.org\/{rel}","templated":true}]}}