{"id":8450,"date":"2025-02-26T03:15:29","date_gmt":"2025-02-26T02:15:29","guid":{"rendered":"https:\/\/www.shop.melissalovesevents.com\/?post_type=product&#038;p=8450"},"modified":"2025-02-26T03:52:01","modified_gmt":"2025-02-26T02:52:01","slug":"invitation-video-spiderman","status":"publish","type":"product","link":"https:\/\/www.shop.melissalovesevents.com\/index.php\/produit\/invitation-video-spiderman\/","title":{"rendered":"Invitation vid\u00e9o Spiderman"},"content":{"rendered":"<h5>PERSONNALISATION DU TEXTE<\/h5>\n<p>Vous pouvez configurer votre article et nous transmettre vos textes en remplissant les informations demand\u00e9es dans la page du produit.<br \/>\nV\u00e9rifiez bien l\u2019orthographe (accents, c\u00e9dille, \u2026)<\/p>\n<p>Nous pouvons tout \u00e0 fait personnaliser votre article avec le texte de votre choix, sous r\u00e9serve de la place disponible sur le mod\u00e8le.<\/p>\n<h5>MODIFICATION DU MOD\u00c8LE<\/h5>\n<p>Si le mod\u00e8le comporte une date, celle-ci sera personnalis\u00e9e conform\u00e9ment au mod\u00e8le (en toutes lettres ou num\u00e9rique selon les mod\u00e8les) si vous souhaitez une pr\u00e9sentation diff\u00e9rente, merci de nous le pr\u00e9ciser. Si la police pr\u00e9sent\u00e9e sur le mod\u00e8le ne vous convient pas, vous pouvez nous demander le changement de typo en nous pr\u00e9cisant la police de caract\u00e8res souhait\u00e9e \u00e0 la place de celle propos\u00e9e.<\/p>\n<h5>COMMANDE &amp; BAT<\/h5>\n<p>Une fois votre commande valid\u00e9e et re\u00e7ue, nous reviendrons vers vous sous 48h ouvrables avec votre invitation personnalis\u00e9e.<br \/>\nVous avez doit \u00e0 1 modification. Au del\u00e0, un suppl\u00e9ment vous sera demand\u00e9 pour chaque modification.<\/p>\n<p>&nbsp;<\/p>\n<p>*Les droits d\u2019auteur\/marques de commerce des personnages appartiennent \u00e0 leurs propri\u00e9taires respectifs et ne sont pas vendus.<br \/>\nJe ne revendique pas la propri\u00e9t\u00e9 des personnages utilis\u00e9s.<br \/>\nVous payez pour mon temps et mes services pour fabriquer les produits, pas pour les images.<br \/>\nCeux-ci ne doivent \u00eatre utilis\u00e9s que pour les invitations. Interdit \u00e0 la revente.<\/p>\n","protected":false},"excerpt":{"rendered":"<p>Invitation vid\u00e9o sur le th\u00e8me Toy story.<\/p>\n<p>Id\u00e9al pour vos envois WhatsApp ou encore mail. Envoyez ce fichier le nombre de fois que vous souhaitez !<br \/>\nT\u00e9l\u00e9chargez votre invitation modifi\u00e9e par nos soins et envoyez !<\/p>\n<p>\u2022 Il s&#8217;agit d&#8217;un fichier num\u00e9rique<\/p>\n<p>&nbsp;<\/p>\n","protected":false},"featured_media":8452,"comment_status":"open","ping_status":"closed","template":"","meta":{"_eb_attr":"","eb_css":""},"product_cat":[38,71,67],"product_tag":[74,70,73],"class_list":{"0":"post-8450","1":"product","2":"type-product","3":"status-publish","4":"has-post-thumbnail","6":"product_cat-invitation-numerique","7":"product_cat-invitation-numerique-garcon","8":"product_cat-invitation-video","9":"product_tag-anniversaire-toy-story","10":"product_tag-invitation-numerique","11":"product_tag-toy-story","13":"first","14":"instock","15":"virtual","16":"purchasable","17":"product-type-simple"},"jetpack_sharing_enabled":true,"_links":{"self":[{"href":"https:\/\/www.shop.melissalovesevents.com\/index.php\/wp-json\/wp\/v2\/product\/8450","targetHints":{"allow":["GET"]}}],"collection":[{"href":"https:\/\/www.shop.melissalovesevents.com\/index.php\/wp-json\/wp\/v2\/product"}],"about":[{"href":"https:\/\/www.shop.melissalovesevents.com\/index.php\/wp-json\/wp\/v2\/types\/product"}],"replies":[{"embeddable":true,"href":"https:\/\/www.shop.melissalovesevents.com\/index.php\/wp-json\/wp\/v2\/comments?post=8450"}],"wp:featuredmedia":[{"embeddable":true,"href":"https:\/\/www.shop.melissalovesevents.com\/index.php\/wp-json\/wp\/v2\/media\/8452"}],"wp:attachment":[{"href":"https:\/\/www.shop.melissalovesevents.com\/index.php\/wp-json\/wp\/v2\/media?parent=8450"}],"wp:term":[{"taxonomy":"product_cat","embeddable":true,"href":"https:\/\/www.shop.melissalovesevents.com\/index.php\/wp-json\/wp\/v2\/product_cat?post=8450"},{"taxonomy":"product_tag","embeddable":true,"href":"https:\/\/www.shop.melissalovesevents.com\/index.php\/wp-json\/wp\/v2\/product_tag?post=8450"}],"curies":[{"name":"wp","href":"https:\/\/api.w.org\/{rel}","templated":true}]}}